{"id":4,"date":"2022-11-17T19:26:27","date_gmt":"2022-11-17T19:26:27","guid":{"rendered":"https:\/\/tollkirschen-band.de\/?page_id=4"},"modified":"2022-11-19T15:30:11","modified_gmt":"2022-11-19T15:30:11","slug":"willkommen-auf-https-tollkirschen-band-de","status":"publish","type":"page","link":"https:\/\/tollkirschen-band.de\/","title":{"rendered":"Willkommen !"},"content":{"rendered":"\n<div class=\"wp-block-group has-text-color has-background\" style=\"color:#900d06;background-color:#fef8e7\"><div class=\"wp-block-group__inner-container is-layout-constrained wp-block-group-is-layout-constrained\">\n<h2 class=\"has-text-color has-background wp-block-heading\" style=\"color:#900d06;background-color:#fff0e8;font-size:1.8em;font-style:normal;font-weight:700\">Die Tollkirschen<br>Rock\u2019n\u2019Roll und Rockabilly Coverband<\/h2>\n\n\n\n<p class=\"has-black-color has-text-color has-background has-normal-font-size\" style=\"background-color:#fef8e7\">Wir bringen jede Party ins rollen!<br>Mit klassischer Besetzung &#8211; S\u00e4ngerin, Gitarre, Kontrabass und Schlagzeug &#8211; spannen wir einen musikalischen Bogen von den 50er Jahren &#8211; mit Hits von Wanda Jackson, Janis Martin, Brenda Lee &#8211; bis heute mit Interpretationen von Queen, Stray Cats oder Imelda May. Rockabilly und Rock&#8217;n&#8217;Roll Klassiker sorgen in jedem Alter f\u00fcr gute Laune und Tanzlust.<\/p>\n<\/div><\/div>\n\n\n\n<p><\/p>\n\n\n\n<div class=\"wp-block-group has-black-color has-text-color has-background\" style=\"background-color:#fef8e7\"><div class=\"wp-block-group__inner-container is-layout-constrained wp-block-group-is-layout-constrained\">\n<h2 class=\"has-text-color has-background wp-block-heading\" style=\"color:#900d06;background-color:#fef8e7;font-size:1.8em;font-style:normal;font-weight:700\">History<\/h2>\n\n\n\n<p class=\"has-black-color has-text-color has-background has-normal-font-size\" style=\"background-color:#fef8e7\">Es war im Mai des Jahres 2019 als wir uns zu der Rockabilly-Band &#8222;Die Tollkirschen&#8220; formiert haben.<br>Das gemeinsame Interesse an diesem besonderen Musikgenre hat uns bis heute zusammengeschwei\u00dft und die Liebe zu dieser lebensfrohen Musik lie\u00df uns die &#8211; besonders f\u00fcr Musiker schweren &#8211; &#8222;C-Jahre&#8220; \u00fcberdauern unabh\u00e4ngig von &#8222;G-Status&#8220; und den damit verbundenen ungewissheiten und Schwierigkeiten.<br>Wir, das sind Melanie (Vocals, Gesang, Special-FX), Manfred (Drummer), Christian (Kontrabass, Gesang, Licht- und Tontechnik) und Erik (Gitarre, Gesang) &#8211; weiter unten stellen wir uns etwas ausf\u00fchrlicher vor.<br><br>Gemeinsam m\u00f6chten wir das Publikum auf eine Reise in die Vintage Rock&#8217;n&#8217;Roll-Zeit einladen, die Sorgen und N\u00f6te einmal zu vergessen und einfach ausgelassen zu tanzen und zu feiern.  <\/p>\n<\/div><\/div>\n","protected":false},"excerpt":{"rendered":"<p>Die TollkirschenRock\u2019n\u2019Roll und Rockabilly Coverband Wir bringen jede Party ins rollen!Mit klassischer Besetzung &#8211; S\u00e4ngerin, Gitarre, Kontrabass und Schlagzeug &#8211; spannen wir einen musikalischen Bogen von den 50er Jahren &#8211; mit Hits von Wanda Jackson, Janis Martin, Brenda Lee &#8211; bis heute mit Interpretationen von <span class=\"read-more\"><a class=\"more-link btn btn-transparent\" href=\"https:\/\/tollkirschen-band.de\/\">mehr dazu &#8230;<\/a><\/span><\/p>\n","protected":false},"author":1,"featured_media":0,"parent":0,"menu_order":0,"comment_status":"closed","ping_status":"open","template":"","meta":{"footnotes":""},"class_list":["post-4","page","type-page","status-publish","hentry"],"_links":{"self":[{"href":"https:\/\/tollkirschen-band.de\/index.php?rest_route=\/wp\/v2\/pages\/4","targetHints":{"allow":["GET"]}}],"collection":[{"href":"https:\/\/tollkirschen-band.de\/index.php?rest_route=\/wp\/v2\/pages"}],"about":[{"href":"https:\/\/tollkirschen-band.de\/index.php?rest_route=\/wp\/v2\/types\/page"}],"author":[{"embeddable":true,"href":"https:\/\/tollkirschen-band.de\/index.php?rest_route=\/wp\/v2\/users\/1"}],"replies":[{"embeddable":true,"href":"https:\/\/tollkirschen-band.de\/index.php?rest_route=%2Fwp%2Fv2%2Fcomments&post=4"}],"version-history":[{"count":24,"href":"https:\/\/tollkirschen-band.de\/index.php?rest_route=\/wp\/v2\/pages\/4\/revisions"}],"predecessor-version":[{"id":103,"href":"https:\/\/tollkirschen-band.de\/index.php?rest_route=\/wp\/v2\/pages\/4\/revisions\/103"}],"wp:attachment":[{"href":"https:\/\/tollkirschen-band.de\/index.php?rest_route=%2Fwp%2Fv2%2Fmedia&parent=4"}],"curies":[{"name":"wp","href":"https:\/\/api.w.org\/{rel}","templated":true}]}}