{"id":3,"date":"2022-11-17T20:21:44","date_gmt":"2022-11-17T20:21:44","guid":{"rendered":"https:\/\/tollkirschen-band.de\/?page_id=3"},"modified":"2022-11-19T01:36:30","modified_gmt":"2022-11-19T01:36:30","slug":"privacy-policy","status":"publish","type":"page","link":"https:\/\/tollkirschen-band.de\/?page_id=3","title":{"rendered":"Impressum\/Kontakt:"},"content":{"rendered":"\n<div class=\"wp-block-group has-black-color has-white-background-color has-text-color has-background\"><div class=\"wp-block-group__inner-container is-layout-constrained wp-block-group-is-layout-constrained\">\n<h2 class=\"has-black-color has-text-color wp-block-heading\">Kontakt<\/h2>\n\n\n\n<p>Melanie Schmidt<br>Tel. 0152\/24104653<br>E-Mail: Melanie.becker6@icloud.com<\/p>\n<\/div><\/div>\n\n\n\n<div class=\"wp-block-group has-black-color has-white-background-color has-text-color has-background\"><div class=\"wp-block-group__inner-container is-layout-constrained wp-block-group-is-layout-constrained\">\n<h2 class=\"has-black-color has-text-color wp-block-heading\">Impressum:<\/h2>\n\n\n\n<p class=\"has-black-color has-text-color\"><em>Erik Deckarm<\/em><br>Zum Folloch 36<br>Telefon: 0171 4713730<br>E-Mail: ErikDeckarm@gmail.com<br>Verantwortlicher f\u00fcr den Inhalt: Erik Deckarm<br>Fotos, Gestaltung und Umsetzung: Erik Deckarm, Videos:&nbsp;<a href=\"https:\/\/facebook.com\/Lena-Oliver-Dancing-164593144358951\/\" target=\"_blank\" rel=\"noreferrer noopener\">Oliver Hartmann &#8211; Rock und Swing Saarpfalz<\/a>, Fotos:&nbsp;<a href=\"https:\/\/www.perlregen.de\/foto-video-saar\" target=\"_blank\" rel=\"noreferrer noopener\">Foto-Video-Saar<\/a><\/p>\n\n\n\n<p id=\"imptext\">Falls die Seite Tollkirschen-musik.de rechtlich anfechtbare Inhalte zeigt, oder in irgendeiner Form geltendes Recht, oder das Recht von Personen verletzt, m\u00f6chten wir Sie bitten sich direkt mit uns in Verbindung zu setzen, so dass wir das korrigieren k\u00f6nnen. F\u00fcr dadurch entstandene Kosten, die etwa durch unaufgeforderte Pr\u00fcfung solcher Sachverhalte entstanden sind, oder dadurch, dass uns kein Spielraum einger\u00e4umt wurde fragliche Sachverhalte zu korrigieren werden wir nicht haften und ggf. selber und mit rechtlichem Beistand dagegen vorgehen.<\/p>\n<\/div><\/div>\n","protected":false},"excerpt":{"rendered":"<p>Kontakt Melanie SchmidtTel. 0152\/24104653E-Mail: Melanie.becker6@icloud.com Impressum: Erik DeckarmZum Folloch 36Telefon: 0171 4713730E-Mail: ErikDeckarm@gmail.comVerantwortlicher f\u00fcr den Inhalt: Erik DeckarmFotos, Gestaltung und Umsetzung: Erik Deckarm, Videos:&nbsp;Oliver Hartmann &#8211; Rock und Swing Saarpfalz, Fotos:&nbsp;Foto-Video-Saar Falls die Seite Tollkirschen-musik.de rechtlich anfechtbare Inhalte zeigt, oder in irgendeiner Form geltendes Recht, <span class=\"read-more\"><a class=\"more-link btn btn-transparent\" href=\"https:\/\/tollkirschen-band.de\/?page_id=3\">mehr dazu &#8230;<\/a><\/span><\/p>\n","protected":false},"author":1,"featured_media":0,"parent":0,"menu_order":0,"comment_status":"closed","ping_status":"open","template":"","meta":{"footnotes":""},"class_list":["post-3","page","type-page","status-publish","hentry"],"_links":{"self":[{"href":"https:\/\/tollkirschen-band.de\/index.php?rest_route=\/wp\/v2\/pages\/3","targetHints":{"allow":["GET"]}}],"collection":[{"href":"https:\/\/tollkirschen-band.de\/index.php?rest_route=\/wp\/v2\/pages"}],"about":[{"href":"https:\/\/tollkirschen-band.de\/index.php?rest_route=\/wp\/v2\/types\/page"}],"author":[{"embeddable":true,"href":"https:\/\/tollkirschen-band.de\/index.php?rest_route=\/wp\/v2\/users\/1"}],"replies":[{"embeddable":true,"href":"https:\/\/tollkirschen-band.de\/index.php?rest_route=%2Fwp%2Fv2%2Fcomments&post=3"}],"version-history":[{"count":4,"href":"https:\/\/tollkirschen-band.de\/index.php?rest_route=\/wp\/v2\/pages\/3\/revisions"}],"predecessor-version":[{"id":81,"href":"https:\/\/tollkirschen-band.de\/index.php?rest_route=\/wp\/v2\/pages\/3\/revisions\/81"}],"wp:attachment":[{"href":"https:\/\/tollkirschen-band.de\/index.php?rest_route=%2Fwp%2Fv2%2Fmedia&parent=3"}],"curies":[{"name":"wp","href":"https:\/\/api.w.org\/{rel}","templated":true}]}}